{"id":43,"date":"2021-05-29T13:51:28","date_gmt":"2021-05-29T13:51:28","guid":{"rendered":"http:\/\/it.itdservice.de\/?page_id=43"},"modified":"2022-05-06T14:31:04","modified_gmt":"2022-05-06T14:31:04","slug":"hosting","status":"publish","type":"page","link":"http:\/\/it.itdservice.de\/en\/hosting","title":{"rendered":"Hosting"},"content":{"rendered":"<h2>Hosting<\/h2>\n<p>Benefit from professional hosting and first-class all-round service from ITD GmbH. We are a very experienced hosting company based in Germany. Our data centers are located in different countries around the world.<\/p>\n<p>Lassen Sie sich exklusiv von Branchen- und Technikexperten betreuen, die f\u00fcr Sie die optimale Cloud- oder Hosting-L\u00f6sung planen, umsetzen und betreiben. Unsere Dienstleistungen sind ausschlie\u00dflich f\u00fcr Unternehmen.<\/p>\n<p>You are welcome to contact us for an initial discussion using our contact form.<\/p>\n<p><a href=\"\">Shared Hosting \/ Webspace<\/a><\/p>\n<p>Create and save your own website on our server system. You can make settings via an individual login. The advantage of this method is that you can bring a website online easily and inexpensively.<\/p>\n<p><a href=\"\">Virtual Server or Virtual Dedicated Server<\/a><\/p>\n<p>Share a server with a few customers. The relative number of customers is manageable and certain services can be guaranteed. Certain visitor numbers can be handled without any problems. The resources of the server can be allocated relatively flexibly to the individual customers.<\/p>\n<p><a href=\"\">Dedicated Server or Managed Server<\/a><\/p>\n<p>If you prefer to have your own server, this is the right option. You rent a complete server from us, which only contains your website. With a managed server, we take care of the maintenance and care, while content is only uploaded using FTP tools. With a dedicated server, you have full access to the server and thus also responsibility for security, maintenance and care. Here you have to decide how much specialist knowledge you have as a customer.<\/p>\n<p><a href=\"\">Colocation Webhosting<\/a><\/p>\n<p>You have your own server hardware and can accommodate it with us. This means that you do not need your own server room and can leave the security and smooth operation of your own server architecture to our experts. Additional services can of course also be booked.<\/p>\n<p><a href=\"\">Cloud Hosting<\/a><\/p>\n<p>As with cloud computing, we provide computing capacity for you. Only the computing power actually required has to be billed and thus paid for.<br \/>\nThe advantage of this method is that fluctuations in the required computing capacity can be flexibly adjusted by us at any time, thus ensuring variable availability and high reliability.<\/p>\n<p><a href=\"\">Cloud-Mining<\/a><\/p>\n<p>By solving arithmetic problems on specially purchased, powerful hardware, coins can be generated. So you as a miner will be rewarded afterwards.<\/p>\n<p>We are looking forward to your contact.<\/p>\n<p><a href=\"http:\/\/it.itdservice.de\/en\/kontakt\/\" role=\"button\"><br \/>\nContact Page<br \/>\n<\/a><\/p>","protected":false},"excerpt":{"rendered":"<p>Hosting Profitieren Sie von einem professionellen Hosting und erstklassigen Rundum-Service durch die ITD GmbH. Wir sind ein sehr erfahrenes Hosting-Unternehmen mit Firmensitz in Deutschland. Unsere Rechenzentren sind in unterschiedlichen L\u00e4nder Weltweit platziert. Lassen Sie sich exklusiv von Branchen- und Technikexperten betreuen, die f\u00fcr Sie die optimale Cloud- oder Hosting-L\u00f6sung planen, umsetzen und betreiben. Unsere Dienstleistungen [&hellip;]<\/p>\n","protected":false},"author":1,"featured_media":0,"parent":0,"menu_order":0,"comment_status":"closed","ping_status":"closed","template":"","meta":{"footnotes":""},"class_list":["post-43","page","type-page","status-publish","hentry"],"yoast_head":"<!-- This site is optimized with the Yoast SEO plugin v27.6 - https:\/\/yoast.com\/product\/yoast-seo-wordpress\/ -->\n<title>Hosting - IT-Solutions<\/title>\n<meta name=\"robots\" content=\"index, follow, max-snippet:-1, max-image-preview:large, max-video-preview:-1\" \/>\n<link rel=\"canonical\" href=\"http:\/\/it.itdservice.de\/en\/hosting\" \/>\n<meta property=\"og:locale\" content=\"en_GB\" \/>\n<meta property=\"og:type\" content=\"article\" \/>\n<meta property=\"og:title\" content=\"Hosting - IT-Solutions\" \/>\n<meta property=\"og:description\" content=\"Hosting Profitieren Sie von einem professionellen Hosting und erstklassigen Rundum-Service durch die ITD GmbH. Wir sind ein sehr erfahrenes Hosting-Unternehmen mit Firmensitz in Deutschland. Unsere Rechenzentren sind in unterschiedlichen L\u00e4nder Weltweit platziert. Lassen Sie sich exklusiv von Branchen- und Technikexperten betreuen, die f\u00fcr Sie die optimale Cloud- oder Hosting-L\u00f6sung planen, umsetzen und betreiben. Unsere Dienstleistungen [&hellip;]\" \/>\n<meta property=\"og:url\" content=\"http:\/\/it.itdservice.de\/en\/hosting\" \/>\n<meta property=\"og:site_name\" content=\"IT-Solutions\" \/>\n<meta property=\"article:modified_time\" content=\"2022-05-06T14:31:04+00:00\" \/>\n<meta name=\"twitter:card\" content=\"summary_large_image\" \/>\n<meta name=\"twitter:label1\" content=\"Estimated reading time\" \/>\n\t<meta name=\"twitter:data1\" content=\"2 minutes\" \/>\n<script type=\"application\/ld+json\" class=\"yoast-schema-graph\">{\"@context\":\"https:\\\/\\\/schema.org\",\"@graph\":[{\"@type\":\"WebPage\",\"@id\":\"http:\\\/\\\/it.itdservice.de\\\/en\\\/hosting\",\"url\":\"http:\\\/\\\/it.itdservice.de\\\/en\\\/hosting\",\"name\":\"Hosting - IT-Solutions\",\"isPartOf\":{\"@id\":\"http:\\\/\\\/it.itdservice.de\\\/#website\"},\"datePublished\":\"2021-05-29T13:51:28+00:00\",\"dateModified\":\"2022-05-06T14:31:04+00:00\",\"breadcrumb\":{\"@id\":\"http:\\\/\\\/it.itdservice.de\\\/en\\\/hosting#breadcrumb\"},\"inLanguage\":\"en-GB\",\"potentialAction\":[{\"@type\":\"ReadAction\",\"target\":[\"http:\\\/\\\/it.itdservice.de\\\/en\\\/hosting\"]}]},{\"@type\":\"BreadcrumbList\",\"@id\":\"http:\\\/\\\/it.itdservice.de\\\/en\\\/hosting#breadcrumb\",\"itemListElement\":[{\"@type\":\"ListItem\",\"position\":1,\"name\":\"Startseite\",\"item\":\"http:\\\/\\\/it.itdservice.de\\\/\"},{\"@type\":\"ListItem\",\"position\":2,\"name\":\"Hosting\"}]},{\"@type\":\"WebSite\",\"@id\":\"http:\\\/\\\/it.itdservice.de\\\/#website\",\"url\":\"http:\\\/\\\/it.itdservice.de\\\/\",\"name\":\"IT-Solutions\",\"description\":\"Just another WordPress site\",\"potentialAction\":[{\"@type\":\"SearchAction\",\"target\":{\"@type\":\"EntryPoint\",\"urlTemplate\":\"http:\\\/\\\/it.itdservice.de\\\/?s={search_term_string}\"},\"query-input\":{\"@type\":\"PropertyValueSpecification\",\"valueRequired\":true,\"valueName\":\"search_term_string\"}}],\"inLanguage\":\"en-GB\"}]}<\/script>\n<!-- \/ Yoast SEO plugin. -->","yoast_head_json":{"title":"Hosting - IT-Solutions","robots":{"index":"index","follow":"follow","max-snippet":"max-snippet:-1","max-image-preview":"max-image-preview:large","max-video-preview":"max-video-preview:-1"},"canonical":"http:\/\/it.itdservice.de\/en\/hosting","og_locale":"en_GB","og_type":"article","og_title":"Hosting - IT-Solutions","og_description":"Hosting Profitieren Sie von einem professionellen Hosting und erstklassigen Rundum-Service durch die ITD GmbH. Wir sind ein sehr erfahrenes Hosting-Unternehmen mit Firmensitz in Deutschland. Unsere Rechenzentren sind in unterschiedlichen L\u00e4nder Weltweit platziert. Lassen Sie sich exklusiv von Branchen- und Technikexperten betreuen, die f\u00fcr Sie die optimale Cloud- oder Hosting-L\u00f6sung planen, umsetzen und betreiben. Unsere Dienstleistungen [&hellip;]","og_url":"http:\/\/it.itdservice.de\/en\/hosting","og_site_name":"IT-Solutions","article_modified_time":"2022-05-06T14:31:04+00:00","twitter_card":"summary_large_image","twitter_misc":{"Estimated reading time":"2 minutes"},"schema":{"@context":"https:\/\/schema.org","@graph":[{"@type":"WebPage","@id":"http:\/\/it.itdservice.de\/en\/hosting","url":"http:\/\/it.itdservice.de\/en\/hosting","name":"Hosting - IT-Solutions","isPartOf":{"@id":"http:\/\/it.itdservice.de\/#website"},"datePublished":"2021-05-29T13:51:28+00:00","dateModified":"2022-05-06T14:31:04+00:00","breadcrumb":{"@id":"http:\/\/it.itdservice.de\/en\/hosting#breadcrumb"},"inLanguage":"en-GB","potentialAction":[{"@type":"ReadAction","target":["http:\/\/it.itdservice.de\/en\/hosting"]}]},{"@type":"BreadcrumbList","@id":"http:\/\/it.itdservice.de\/en\/hosting#breadcrumb","itemListElement":[{"@type":"ListItem","position":1,"name":"Startseite","item":"http:\/\/it.itdservice.de\/"},{"@type":"ListItem","position":2,"name":"Hosting"}]},{"@type":"WebSite","@id":"http:\/\/it.itdservice.de\/#website","url":"http:\/\/it.itdservice.de\/","name":"IT-Solutions","description":"Just another WordPress site","potentialAction":[{"@type":"SearchAction","target":{"@type":"EntryPoint","urlTemplate":"http:\/\/it.itdservice.de\/?s={search_term_string}"},"query-input":{"@type":"PropertyValueSpecification","valueRequired":true,"valueName":"search_term_string"}}],"inLanguage":"en-GB"}]}},"_links":{"self":[{"href":"http:\/\/it.itdservice.de\/en\/wp-json\/wp\/v2\/pages\/43","targetHints":{"allow":["GET"]}}],"collection":[{"href":"http:\/\/it.itdservice.de\/en\/wp-json\/wp\/v2\/pages"}],"about":[{"href":"http:\/\/it.itdservice.de\/en\/wp-json\/wp\/v2\/types\/page"}],"author":[{"embeddable":true,"href":"http:\/\/it.itdservice.de\/en\/wp-json\/wp\/v2\/users\/1"}],"replies":[{"embeddable":true,"href":"http:\/\/it.itdservice.de\/en\/wp-json\/wp\/v2\/comments?post=43"}],"version-history":[{"count":98,"href":"http:\/\/it.itdservice.de\/en\/wp-json\/wp\/v2\/pages\/43\/revisions"}],"predecessor-version":[{"id":642,"href":"http:\/\/it.itdservice.de\/en\/wp-json\/wp\/v2\/pages\/43\/revisions\/642"}],"wp:attachment":[{"href":"http:\/\/it.itdservice.de\/en\/wp-json\/wp\/v2\/media?parent=43"}],"curies":[{"name":"wp","href":"https:\/\/api.w.org\/{rel}","templated":true}]}}