{"id":38,"date":"2021-05-29T13:45:27","date_gmt":"2021-05-29T13:45:27","guid":{"rendered":"http:\/\/it.itdservice.de\/?page_id=38"},"modified":"2021-07-01T16:12:18","modified_gmt":"2021-07-01T16:12:18","slug":"ueber-uns","status":"publish","type":"page","link":"http:\/\/it.itdservice.de\/en\/ueber-uns","title":{"rendered":"About Us"},"content":{"rendered":"<div data-elementor-type=\"wp-page\" data-elementor-id=\"38\" class=\"elementor elementor-38\">\n\t\t\t\t\t\t<section class=\"elementor-section elementor-top-section elementor-element elementor-element-890d6f1 elementor-section-boxed elementor-section-height-default elementor-section-height-default\" data-id=\"890d6f1\" data-element_type=\"section\" data-e-type=\"section\">\n\t\t\t\t\t\t<div class=\"elementor-container elementor-column-gap-default\">\n\t\t\t\t\t<div class=\"elementor-column elementor-col-100 elementor-top-column elementor-element elementor-element-dc06136\" data-id=\"dc06136\" data-element_type=\"column\" data-e-type=\"column\">\n\t\t\t<div class=\"elementor-widget-wrap elementor-element-populated\">\n\t\t\t\t\t\t<div class=\"elementor-element elementor-element-0c9024b elementor-widget elementor-widget-spacer\" data-id=\"0c9024b\" data-element_type=\"widget\" data-e-type=\"widget\" data-widget_type=\"spacer.default\">\n\t\t\t\t<div class=\"elementor-widget-container\">\n\t\t\t\t\t\t\t<div class=\"elementor-spacer\">\n\t\t\t<div class=\"elementor-spacer-inner\"><\/div>\n\t\t<\/div>\n\t\t\t\t\t\t<\/div>\n\t\t\t\t<\/div>\n\t\t\t\t\t<\/div>\n\t\t<\/div>\n\t\t\t\t\t<\/div>\n\t\t<\/section>\n\t\t\t\t<section class=\"elementor-section elementor-top-section elementor-element elementor-element-e7517fc elementor-section-boxed elementor-section-height-default elementor-section-height-default\" data-id=\"e7517fc\" data-element_type=\"section\" data-e-type=\"section\">\n\t\t\t\t\t\t<div class=\"elementor-container elementor-column-gap-default\">\n\t\t\t\t\t<div class=\"elementor-column elementor-col-100 elementor-top-column elementor-element elementor-element-0e2f6e4\" data-id=\"0e2f6e4\" data-element_type=\"column\" data-e-type=\"column\">\n\t\t\t<div class=\"elementor-widget-wrap\">\n\t\t\t\t\t\t\t<\/div>\n\t\t<\/div>\n\t\t\t\t\t<\/div>\n\t\t<\/section>\n\t\t\t\t<section class=\"elementor-section elementor-top-section elementor-element elementor-element-94f9a15 elementor-section-boxed elementor-section-height-default elementor-section-height-default\" data-id=\"94f9a15\" data-element_type=\"section\" data-e-type=\"section\">\n\t\t\t\t\t\t<div class=\"elementor-container elementor-column-gap-default\">\n\t\t\t\t\t<div class=\"elementor-column elementor-col-100 elementor-top-column elementor-element elementor-element-d998e92\" data-id=\"d998e92\" data-element_type=\"column\" data-e-type=\"column\">\n\t\t\t<div class=\"elementor-widget-wrap\">\n\t\t\t\t\t\t\t<\/div>\n\t\t<\/div>\n\t\t\t\t\t<\/div>\n\t\t<\/section>\n\t\t\t\t<section class=\"elementor-section elementor-top-section elementor-element elementor-element-002d9b6 animated-fast elementor-section-boxed elementor-section-height-default elementor-section-height-default elementor-invisible\" data-id=\"002d9b6\" data-element_type=\"section\" data-e-type=\"section\" data-settings=\"{&quot;background_background&quot;:&quot;classic&quot;,&quot;animation&quot;:&quot;fadeIn&quot;}\">\n\t\t\t\t\t\t\t<div class=\"elementor-background-overlay\"><\/div>\n\t\t\t\t\t\t\t<div class=\"elementor-container elementor-column-gap-default\">\n\t\t\t\t\t<div class=\"elementor-column elementor-col-100 elementor-top-column elementor-element elementor-element-e721254 elementor-invisible\" data-id=\"e721254\" data-element_type=\"column\" data-e-type=\"column\" data-settings=\"{&quot;animation&quot;:&quot;fadeIn&quot;,&quot;animation_delay&quot;:300}\">\n\t\t\t<div class=\"elementor-widget-wrap elementor-element-populated\">\n\t\t\t\t\t\t<div class=\"elementor-element elementor-element-e397fe0 elementor-widget elementor-widget-heading\" data-id=\"e397fe0\" data-element_type=\"widget\" data-e-type=\"widget\" data-widget_type=\"heading.default\">\n\t\t\t\t<div class=\"elementor-widget-container\">\n\t\t\t\t\t<h2 class=\"elementor-heading-title elementor-size-default\">About Us<\/h2>\t\t\t\t<\/div>\n\t\t\t\t<\/div>\n\t\t\t\t\t<\/div>\n\t\t<\/div>\n\t\t\t\t\t<\/div>\n\t\t<\/section>\n\t\t\t\t<section class=\"elementor-section elementor-top-section elementor-element elementor-element-690de77 elementor-section-boxed elementor-section-height-default elementor-section-height-default\" data-id=\"690de77\" data-element_type=\"section\" data-e-type=\"section\">\n\t\t\t\t\t\t<div class=\"elementor-container elementor-column-gap-default\">\n\t\t\t\t\t<div class=\"elementor-column elementor-col-100 elementor-top-column elementor-element elementor-element-ab8fb95\" data-id=\"ab8fb95\" data-element_type=\"column\" data-e-type=\"column\">\n\t\t\t<div class=\"elementor-widget-wrap elementor-element-populated\">\n\t\t\t\t\t\t<div class=\"elementor-element elementor-element-14928fa elementor-widget elementor-widget-spacer\" data-id=\"14928fa\" data-element_type=\"widget\" data-e-type=\"widget\" data-widget_type=\"spacer.default\">\n\t\t\t\t<div class=\"elementor-widget-container\">\n\t\t\t\t\t\t\t<div class=\"elementor-spacer\">\n\t\t\t<div class=\"elementor-spacer-inner\"><\/div>\n\t\t<\/div>\n\t\t\t\t\t\t<\/div>\n\t\t\t\t<\/div>\n\t\t\t\t\t<\/div>\n\t\t<\/div>\n\t\t\t\t\t<\/div>\n\t\t<\/section>\n\t\t\t\t<section class=\"elementor-section elementor-top-section elementor-element elementor-element-6d4fb78 elementor-section-boxed elementor-section-height-default elementor-section-height-default\" data-id=\"6d4fb78\" data-element_type=\"section\" data-e-type=\"section\">\n\t\t\t\t\t\t<div class=\"elementor-container elementor-column-gap-default\">\n\t\t\t\t\t<div class=\"elementor-column elementor-col-100 elementor-top-column elementor-element elementor-element-1c65da7\" data-id=\"1c65da7\" data-element_type=\"column\" data-e-type=\"column\">\n\t\t\t<div class=\"elementor-widget-wrap elementor-element-populated\">\n\t\t\t\t\t\t<div class=\"elementor-element elementor-element-433f385 elementor-widget-divider--view-line elementor-invisible elementor-widget elementor-widget-divider\" data-id=\"433f385\" data-element_type=\"widget\" data-e-type=\"widget\" data-settings=\"{&quot;_animation&quot;:&quot;fadeInLeft&quot;}\" data-widget_type=\"divider.default\">\n\t\t\t\t<div class=\"elementor-widget-container\">\n\t\t\t\t\t\t\t<div class=\"elementor-divider\">\n\t\t\t<span class=\"elementor-divider-separator\">\n\t\t\t\t\t\t<\/span>\n\t\t<\/div>\n\t\t\t\t\t\t<\/div>\n\t\t\t\t<\/div>\n\t\t\t\t\t<\/div>\n\t\t<\/div>\n\t\t\t\t\t<\/div>\n\t\t<\/section>\n\t\t\t\t<section class=\"elementor-section elementor-top-section elementor-element elementor-element-3b0ab73 elementor-section-boxed elementor-section-height-default elementor-section-height-default\" data-id=\"3b0ab73\" data-element_type=\"section\" data-e-type=\"section\">\n\t\t\t\t\t\t<div class=\"elementor-container elementor-column-gap-default\">\n\t\t\t\t\t<div class=\"elementor-column elementor-col-50 elementor-top-column elementor-element elementor-element-aa49cec\" data-id=\"aa49cec\" data-element_type=\"column\" data-e-type=\"column\">\n\t\t\t<div class=\"elementor-widget-wrap elementor-element-populated\">\n\t\t\t\t\t\t<div class=\"elementor-element elementor-element-bdf3c52 elementor-widget elementor-widget-text-editor\" data-id=\"bdf3c52\" data-element_type=\"widget\" data-e-type=\"widget\" data-widget_type=\"text-editor.default\">\n\t\t\t\t<div class=\"elementor-widget-container\">\n\t\t\t\t\t\t\t\t\t<p>ITD GmbH has developed into a leading provider of information technology solutions and services worldwide.<\/p><p>The quality of our services and our support is valued by our international customers. We support our customers from the planning to the operation of their data centers.\u00a0<\/p>\t\t\t\t\t\t\t\t<\/div>\n\t\t\t\t<\/div>\n\t\t\t\t\t<\/div>\n\t\t<\/div>\n\t\t\t\t<div class=\"elementor-column elementor-col-50 elementor-top-column elementor-element elementor-element-87e4862\" data-id=\"87e4862\" data-element_type=\"column\" data-e-type=\"column\">\n\t\t\t<div class=\"elementor-widget-wrap elementor-element-populated\">\n\t\t\t\t\t\t<div class=\"elementor-element elementor-element-6d2180a elementor-widget elementor-widget-image\" data-id=\"6d2180a\" data-element_type=\"widget\" data-e-type=\"widget\" data-widget_type=\"image.default\">\n\t\t\t\t<div class=\"elementor-widget-container\">\n\t\t\t\t\t\t\t\t\t\t\t\t\t\t\t<img fetchpriority=\"high\" decoding=\"async\" width=\"1024\" height=\"683\" src=\"http:\/\/it.itdservice.de\/wp-content\/uploads\/2021\/06\/pexels-jeshootscom-442580-1024x683.jpg\" class=\"attachment-large size-large wp-image-480\" alt=\"\" srcset=\"http:\/\/it.itdservice.de\/wp-content\/uploads\/2021\/06\/pexels-jeshootscom-442580-1024x683.jpg 1024w, http:\/\/it.itdservice.de\/wp-content\/uploads\/2021\/06\/pexels-jeshootscom-442580-300x200.jpg 300w, http:\/\/it.itdservice.de\/wp-content\/uploads\/2021\/06\/pexels-jeshootscom-442580-768x512.jpg 768w, http:\/\/it.itdservice.de\/wp-content\/uploads\/2021\/06\/pexels-jeshootscom-442580-1536x1024.jpg 1536w, http:\/\/it.itdservice.de\/wp-content\/uploads\/2021\/06\/pexels-jeshootscom-442580-16x12.jpg 16w, http:\/\/it.itdservice.de\/wp-content\/uploads\/2021\/06\/pexels-jeshootscom-442580-960x640.jpg 960w, http:\/\/it.itdservice.de\/wp-content\/uploads\/2021\/06\/pexels-jeshootscom-442580.jpg 1920w\" sizes=\"(max-width: 1024px) 100vw, 1024px\" \/>\t\t\t\t\t\t\t\t\t\t\t\t\t\t\t<\/div>\n\t\t\t\t<\/div>\n\t\t\t\t\t<\/div>\n\t\t<\/div>\n\t\t\t\t\t<\/div>\n\t\t<\/section>\n\t\t\t\t<section class=\"elementor-section elementor-top-section elementor-element elementor-element-fb58bdb elementor-section-boxed elementor-section-height-default elementor-section-height-default\" data-id=\"fb58bdb\" data-element_type=\"section\" data-e-type=\"section\">\n\t\t\t\t\t\t<div class=\"elementor-container elementor-column-gap-default\">\n\t\t\t\t\t<div class=\"elementor-column elementor-col-100 elementor-top-column elementor-element elementor-element-7ce2761\" data-id=\"7ce2761\" data-element_type=\"column\" data-e-type=\"column\">\n\t\t\t<div class=\"elementor-widget-wrap elementor-element-populated\">\n\t\t\t\t\t\t<div class=\"elementor-element elementor-element-0028fd0 elementor-widget elementor-widget-spacer\" data-id=\"0028fd0\" data-element_type=\"widget\" data-e-type=\"widget\" data-widget_type=\"spacer.default\">\n\t\t\t\t<div class=\"elementor-widget-container\">\n\t\t\t\t\t\t\t<div class=\"elementor-spacer\">\n\t\t\t<div class=\"elementor-spacer-inner\"><\/div>\n\t\t<\/div>\n\t\t\t\t\t\t<\/div>\n\t\t\t\t<\/div>\n\t\t\t\t\t<\/div>\n\t\t<\/div>\n\t\t\t\t\t<\/div>\n\t\t<\/section>\n\t\t\t\t<section class=\"elementor-section elementor-top-section elementor-element elementor-element-fb9a905 elementor-section-boxed elementor-section-height-default elementor-section-height-default\" data-id=\"fb9a905\" data-element_type=\"section\" data-e-type=\"section\">\n\t\t\t\t\t\t<div class=\"elementor-container elementor-column-gap-default\">\n\t\t\t\t\t<div class=\"elementor-column elementor-col-100 elementor-top-column elementor-element elementor-element-6139fec\" data-id=\"6139fec\" data-element_type=\"column\" data-e-type=\"column\">\n\t\t\t<div class=\"elementor-widget-wrap elementor-element-populated\">\n\t\t\t\t\t\t<div class=\"elementor-element elementor-element-8e927a2 elementor-widget elementor-widget-spacer\" data-id=\"8e927a2\" data-element_type=\"widget\" data-e-type=\"widget\" data-widget_type=\"spacer.default\">\n\t\t\t\t<div class=\"elementor-widget-container\">\n\t\t\t\t\t\t\t<div class=\"elementor-spacer\">\n\t\t\t<div class=\"elementor-spacer-inner\"><\/div>\n\t\t<\/div>\n\t\t\t\t\t\t<\/div>\n\t\t\t\t<\/div>\n\t\t\t\t\t<\/div>\n\t\t<\/div>\n\t\t\t\t\t<\/div>\n\t\t<\/section>\n\t\t\t\t<\/div>","protected":false},"excerpt":{"rendered":"<p>\u00dcber uns Die ITD GmbH hat sich zu einem f\u00fchrenden Anbieter von Informationstechnologiel\u00f6sungen und -diensten Weltweit entwickelt. Die Qualit\u00e4t unserer Dienstleistungen und unseres Supports wird von unseren international ans\u00e4ssigen Kunden gesch\u00e4tzt. Wir unterst\u00fctzen unsere Kunden von der Planung bis zum Betreiben Ihrer Rechenzentren.\u00a0<\/p>","protected":false},"author":1,"featured_media":0,"parent":0,"menu_order":0,"comment_status":"closed","ping_status":"closed","template":"","meta":{"footnotes":""},"class_list":["post-38","page","type-page","status-publish","hentry"],"yoast_head":"<!-- This site is optimized with the Yoast SEO plugin v27.6 - https:\/\/yoast.com\/product\/yoast-seo-wordpress\/ -->\n<title>\u00dcber uns - IT-Solutions<\/title>\n<meta name=\"robots\" content=\"index, follow, max-snippet:-1, max-image-preview:large, max-video-preview:-1\" \/>\n<link rel=\"canonical\" href=\"http:\/\/it.itdservice.de\/en\/ueber-uns\/\" \/>\n<meta property=\"og:locale\" content=\"en_GB\" \/>\n<meta property=\"og:type\" content=\"article\" \/>\n<meta property=\"og:title\" content=\"\u00dcber uns - IT-Solutions\" \/>\n<meta property=\"og:description\" content=\"\u00dcber uns Die ITD GmbH hat sich zu einem f\u00fchrenden Anbieter von Informationstechnologiel\u00f6sungen und -diensten Weltweit entwickelt. Die Qualit\u00e4t unserer Dienstleistungen und unseres Supports wird von unseren international ans\u00e4ssigen Kunden gesch\u00e4tzt. Wir unterst\u00fctzen unsere Kunden von der Planung bis zum Betreiben Ihrer Rechenzentren.\u00a0\" \/>\n<meta property=\"og:url\" content=\"http:\/\/it.itdservice.de\/en\/ueber-uns\/\" \/>\n<meta property=\"og:site_name\" content=\"IT-Solutions\" \/>\n<meta property=\"article:modified_time\" content=\"2021-07-01T16:12:18+00:00\" \/>\n<meta property=\"og:image\" content=\"http:\/\/it.itdservice.de\/wp-content\/uploads\/2021\/06\/pexels-jeshootscom-442580-1024x683.jpg\" \/>\n<meta name=\"twitter:card\" content=\"summary_large_image\" \/>\n<script type=\"application\/ld+json\" class=\"yoast-schema-graph\">{\"@context\":\"https:\\\/\\\/schema.org\",\"@graph\":[{\"@type\":\"WebPage\",\"@id\":\"http:\\\/\\\/it.itdservice.de\\\/ueber-uns\",\"url\":\"http:\\\/\\\/it.itdservice.de\\\/ueber-uns\",\"name\":\"\u00dcber uns - IT-Solutions\",\"isPartOf\":{\"@id\":\"http:\\\/\\\/it.itdservice.de\\\/#website\"},\"primaryImageOfPage\":{\"@id\":\"http:\\\/\\\/it.itdservice.de\\\/ueber-uns#primaryimage\"},\"image\":{\"@id\":\"http:\\\/\\\/it.itdservice.de\\\/ueber-uns#primaryimage\"},\"thumbnailUrl\":\"http:\\\/\\\/it.itdservice.de\\\/wp-content\\\/uploads\\\/2021\\\/06\\\/pexels-jeshootscom-442580-1024x683.jpg\",\"datePublished\":\"2021-05-29T13:45:27+00:00\",\"dateModified\":\"2021-07-01T16:12:18+00:00\",\"breadcrumb\":{\"@id\":\"http:\\\/\\\/it.itdservice.de\\\/ueber-uns#breadcrumb\"},\"inLanguage\":\"en-GB\",\"potentialAction\":[{\"@type\":\"ReadAction\",\"target\":[\"http:\\\/\\\/it.itdservice.de\\\/ueber-uns\"]}]},{\"@type\":\"ImageObject\",\"inLanguage\":\"en-GB\",\"@id\":\"http:\\\/\\\/it.itdservice.de\\\/ueber-uns#primaryimage\",\"url\":\"http:\\\/\\\/it.itdservice.de\\\/wp-content\\\/uploads\\\/2021\\\/06\\\/pexels-jeshootscom-442580-1024x683.jpg\",\"contentUrl\":\"http:\\\/\\\/it.itdservice.de\\\/wp-content\\\/uploads\\\/2021\\\/06\\\/pexels-jeshootscom-442580-1024x683.jpg\"},{\"@type\":\"BreadcrumbList\",\"@id\":\"http:\\\/\\\/it.itdservice.de\\\/ueber-uns#breadcrumb\",\"itemListElement\":[{\"@type\":\"ListItem\",\"position\":1,\"name\":\"Startseite\",\"item\":\"http:\\\/\\\/it.itdservice.de\\\/\"},{\"@type\":\"ListItem\",\"position\":2,\"name\":\"\u00dcber uns\"}]},{\"@type\":\"WebSite\",\"@id\":\"http:\\\/\\\/it.itdservice.de\\\/#website\",\"url\":\"http:\\\/\\\/it.itdservice.de\\\/\",\"name\":\"IT-Solutions\",\"description\":\"Just another WordPress site\",\"potentialAction\":[{\"@type\":\"SearchAction\",\"target\":{\"@type\":\"EntryPoint\",\"urlTemplate\":\"http:\\\/\\\/it.itdservice.de\\\/?s={search_term_string}\"},\"query-input\":{\"@type\":\"PropertyValueSpecification\",\"valueRequired\":true,\"valueName\":\"search_term_string\"}}],\"inLanguage\":\"en-GB\"}]}<\/script>\n<!-- \/ Yoast SEO plugin. -->","yoast_head_json":{"title":"\u00dcber uns - IT-Solutions","robots":{"index":"index","follow":"follow","max-snippet":"max-snippet:-1","max-image-preview":"max-image-preview:large","max-video-preview":"max-video-preview:-1"},"canonical":"http:\/\/it.itdservice.de\/en\/ueber-uns\/","og_locale":"en_GB","og_type":"article","og_title":"\u00dcber uns - IT-Solutions","og_description":"\u00dcber uns Die ITD GmbH hat sich zu einem f\u00fchrenden Anbieter von Informationstechnologiel\u00f6sungen und -diensten Weltweit entwickelt. Die Qualit\u00e4t unserer Dienstleistungen und unseres Supports wird von unseren international ans\u00e4ssigen Kunden gesch\u00e4tzt. Wir unterst\u00fctzen unsere Kunden von der Planung bis zum Betreiben Ihrer Rechenzentren.\u00a0","og_url":"http:\/\/it.itdservice.de\/en\/ueber-uns\/","og_site_name":"IT-Solutions","article_modified_time":"2021-07-01T16:12:18+00:00","og_image":[{"url":"http:\/\/it.itdservice.de\/wp-content\/uploads\/2021\/06\/pexels-jeshootscom-442580-1024x683.jpg","type":"","width":"","height":""}],"twitter_card":"summary_large_image","schema":{"@context":"https:\/\/schema.org","@graph":[{"@type":"WebPage","@id":"http:\/\/it.itdservice.de\/ueber-uns","url":"http:\/\/it.itdservice.de\/ueber-uns","name":"\u00dcber uns - IT-Solutions","isPartOf":{"@id":"http:\/\/it.itdservice.de\/#website"},"primaryImageOfPage":{"@id":"http:\/\/it.itdservice.de\/ueber-uns#primaryimage"},"image":{"@id":"http:\/\/it.itdservice.de\/ueber-uns#primaryimage"},"thumbnailUrl":"http:\/\/it.itdservice.de\/wp-content\/uploads\/2021\/06\/pexels-jeshootscom-442580-1024x683.jpg","datePublished":"2021-05-29T13:45:27+00:00","dateModified":"2021-07-01T16:12:18+00:00","breadcrumb":{"@id":"http:\/\/it.itdservice.de\/ueber-uns#breadcrumb"},"inLanguage":"en-GB","potentialAction":[{"@type":"ReadAction","target":["http:\/\/it.itdservice.de\/ueber-uns"]}]},{"@type":"ImageObject","inLanguage":"en-GB","@id":"http:\/\/it.itdservice.de\/ueber-uns#primaryimage","url":"http:\/\/it.itdservice.de\/wp-content\/uploads\/2021\/06\/pexels-jeshootscom-442580-1024x683.jpg","contentUrl":"http:\/\/it.itdservice.de\/wp-content\/uploads\/2021\/06\/pexels-jeshootscom-442580-1024x683.jpg"},{"@type":"BreadcrumbList","@id":"http:\/\/it.itdservice.de\/ueber-uns#breadcrumb","itemListElement":[{"@type":"ListItem","position":1,"name":"Startseite","item":"http:\/\/it.itdservice.de\/"},{"@type":"ListItem","position":2,"name":"\u00dcber uns"}]},{"@type":"WebSite","@id":"http:\/\/it.itdservice.de\/#website","url":"http:\/\/it.itdservice.de\/","name":"IT-Solutions","description":"Just another WordPress site","potentialAction":[{"@type":"SearchAction","target":{"@type":"EntryPoint","urlTemplate":"http:\/\/it.itdservice.de\/?s={search_term_string}"},"query-input":{"@type":"PropertyValueSpecification","valueRequired":true,"valueName":"search_term_string"}}],"inLanguage":"en-GB"}]}},"_links":{"self":[{"href":"http:\/\/it.itdservice.de\/en\/wp-json\/wp\/v2\/pages\/38","targetHints":{"allow":["GET"]}}],"collection":[{"href":"http:\/\/it.itdservice.de\/en\/wp-json\/wp\/v2\/pages"}],"about":[{"href":"http:\/\/it.itdservice.de\/en\/wp-json\/wp\/v2\/types\/page"}],"author":[{"embeddable":true,"href":"http:\/\/it.itdservice.de\/en\/wp-json\/wp\/v2\/users\/1"}],"replies":[{"embeddable":true,"href":"http:\/\/it.itdservice.de\/en\/wp-json\/wp\/v2\/comments?post=38"}],"version-history":[{"count":129,"href":"http:\/\/it.itdservice.de\/en\/wp-json\/wp\/v2\/pages\/38\/revisions"}],"predecessor-version":[{"id":565,"href":"http:\/\/it.itdservice.de\/en\/wp-json\/wp\/v2\/pages\/38\/revisions\/565"}],"wp:attachment":[{"href":"http:\/\/it.itdservice.de\/en\/wp-json\/wp\/v2\/media?parent=38"}],"curies":[{"name":"wp","href":"https:\/\/api.w.org\/{rel}","templated":true}]}}