{"id":292,"date":"2021-06-02T20:36:29","date_gmt":"2021-06-02T20:36:29","guid":{"rendered":"http:\/\/it.itdservice.de\/?page_id=292"},"modified":"2021-07-01T16:12:38","modified_gmt":"2021-07-01T16:12:38","slug":"planung","status":"publish","type":"page","link":"http:\/\/it.itdservice.de\/en\/planung","title":{"rendered":"Planning"},"content":{"rendered":"<div data-elementor-type=\"wp-page\" data-elementor-id=\"292\" class=\"elementor elementor-292\">\n\t\t\t\t\t\t<section class=\"elementor-section elementor-top-section elementor-element elementor-element-f598c88 elementor-section-boxed elementor-section-height-default elementor-section-height-default\" data-id=\"f598c88\" data-element_type=\"section\" data-e-type=\"section\">\n\t\t\t\t\t\t<div class=\"elementor-container elementor-column-gap-default\">\n\t\t\t\t\t<div class=\"elementor-column elementor-col-100 elementor-top-column elementor-element elementor-element-3731c66\" data-id=\"3731c66\" data-element_type=\"column\" data-e-type=\"column\">\n\t\t\t<div class=\"elementor-widget-wrap elementor-element-populated\">\n\t\t\t\t\t\t<div class=\"elementor-element elementor-element-8a50cf0 elementor-widget elementor-widget-spacer\" data-id=\"8a50cf0\" data-element_type=\"widget\" data-e-type=\"widget\" data-widget_type=\"spacer.default\">\n\t\t\t\t<div class=\"elementor-widget-container\">\n\t\t\t\t\t\t\t<div class=\"elementor-spacer\">\n\t\t\t<div class=\"elementor-spacer-inner\"><\/div>\n\t\t<\/div>\n\t\t\t\t\t\t<\/div>\n\t\t\t\t<\/div>\n\t\t\t\t\t<\/div>\n\t\t<\/div>\n\t\t\t\t\t<\/div>\n\t\t<\/section>\n\t\t\t\t<section class=\"elementor-section elementor-top-section elementor-element elementor-element-25afa43 elementor-section-boxed elementor-section-height-default elementor-section-height-default\" data-id=\"25afa43\" data-element_type=\"section\" data-e-type=\"section\">\n\t\t\t\t\t\t<div class=\"elementor-container elementor-column-gap-default\">\n\t\t\t\t\t<div class=\"elementor-column elementor-col-100 elementor-top-column elementor-element elementor-element-9e883a6\" data-id=\"9e883a6\" data-element_type=\"column\" data-e-type=\"column\">\n\t\t\t<div class=\"elementor-widget-wrap\">\n\t\t\t\t\t\t\t<\/div>\n\t\t<\/div>\n\t\t\t\t\t<\/div>\n\t\t<\/section>\n\t\t\t\t<section class=\"elementor-section elementor-top-section elementor-element elementor-element-43a8976 elementor-section-boxed elementor-section-height-default elementor-section-height-default\" data-id=\"43a8976\" data-element_type=\"section\" data-e-type=\"section\">\n\t\t\t\t\t\t<div class=\"elementor-container elementor-column-gap-default\">\n\t\t\t\t\t<div class=\"elementor-column elementor-col-100 elementor-top-column elementor-element elementor-element-056552b\" data-id=\"056552b\" data-element_type=\"column\" data-e-type=\"column\">\n\t\t\t<div class=\"elementor-widget-wrap\">\n\t\t\t\t\t\t\t<\/div>\n\t\t<\/div>\n\t\t\t\t\t<\/div>\n\t\t<\/section>\n\t\t\t\t<section class=\"elementor-section elementor-top-section elementor-element elementor-element-151f2ac animated-fast elementor-section-boxed elementor-section-height-default elementor-section-height-default elementor-invisible\" data-id=\"151f2ac\" data-element_type=\"section\" data-e-type=\"section\" data-settings=\"{&quot;background_background&quot;:&quot;classic&quot;,&quot;animation&quot;:&quot;fadeIn&quot;}\">\n\t\t\t\t\t\t\t<div class=\"elementor-background-overlay\"><\/div>\n\t\t\t\t\t\t\t<div class=\"elementor-container elementor-column-gap-default\">\n\t\t\t\t\t<div class=\"elementor-column elementor-col-100 elementor-top-column elementor-element elementor-element-b182272 elementor-invisible\" data-id=\"b182272\" data-element_type=\"column\" data-e-type=\"column\" data-settings=\"{&quot;animation&quot;:&quot;fadeIn&quot;,&quot;animation_delay&quot;:300}\">\n\t\t\t<div class=\"elementor-widget-wrap elementor-element-populated\">\n\t\t\t\t\t\t<div class=\"elementor-element elementor-element-6d1d359 elementor-widget elementor-widget-heading\" data-id=\"6d1d359\" data-element_type=\"widget\" data-e-type=\"widget\" data-widget_type=\"heading.default\">\n\t\t\t\t<div class=\"elementor-widget-container\">\n\t\t\t\t\t<h2 class=\"elementor-heading-title elementor-size-default\">Planning<\/h2>\t\t\t\t<\/div>\n\t\t\t\t<\/div>\n\t\t\t\t\t<\/div>\n\t\t<\/div>\n\t\t\t\t\t<\/div>\n\t\t<\/section>\n\t\t\t\t<section class=\"elementor-section elementor-top-section elementor-element elementor-element-7ae30d9 elementor-section-boxed elementor-section-height-default elementor-section-height-default\" data-id=\"7ae30d9\" data-element_type=\"section\" data-e-type=\"section\">\n\t\t\t\t\t\t<div class=\"elementor-container elementor-column-gap-default\">\n\t\t\t\t\t<div class=\"elementor-column elementor-col-100 elementor-top-column elementor-element elementor-element-e0342d6\" data-id=\"e0342d6\" data-element_type=\"column\" data-e-type=\"column\">\n\t\t\t<div class=\"elementor-widget-wrap elementor-element-populated\">\n\t\t\t\t\t\t<div class=\"elementor-element elementor-element-9d0b720 elementor-widget elementor-widget-spacer\" data-id=\"9d0b720\" data-element_type=\"widget\" data-e-type=\"widget\" data-widget_type=\"spacer.default\">\n\t\t\t\t<div class=\"elementor-widget-container\">\n\t\t\t\t\t\t\t<div class=\"elementor-spacer\">\n\t\t\t<div class=\"elementor-spacer-inner\"><\/div>\n\t\t<\/div>\n\t\t\t\t\t\t<\/div>\n\t\t\t\t<\/div>\n\t\t\t\t\t<\/div>\n\t\t<\/div>\n\t\t\t\t\t<\/div>\n\t\t<\/section>\n\t\t\t\t<section class=\"elementor-section elementor-top-section elementor-element elementor-element-4b21106 elementor-section-boxed elementor-section-height-default elementor-section-height-default\" data-id=\"4b21106\" data-element_type=\"section\" data-e-type=\"section\">\n\t\t\t\t\t\t<div class=\"elementor-container elementor-column-gap-default\">\n\t\t\t\t\t<div class=\"elementor-column elementor-col-100 elementor-top-column elementor-element elementor-element-1d3dd96\" data-id=\"1d3dd96\" data-element_type=\"column\" data-e-type=\"column\">\n\t\t\t<div class=\"elementor-widget-wrap elementor-element-populated\">\n\t\t\t\t\t\t<div class=\"elementor-element elementor-element-9e803ec elementor-widget-divider--view-line elementor-invisible elementor-widget elementor-widget-divider\" data-id=\"9e803ec\" data-element_type=\"widget\" data-e-type=\"widget\" data-settings=\"{&quot;_animation&quot;:&quot;fadeInLeft&quot;}\" data-widget_type=\"divider.default\">\n\t\t\t\t<div class=\"elementor-widget-container\">\n\t\t\t\t\t\t\t<div class=\"elementor-divider\">\n\t\t\t<span class=\"elementor-divider-separator\">\n\t\t\t\t\t\t<\/span>\n\t\t<\/div>\n\t\t\t\t\t\t<\/div>\n\t\t\t\t<\/div>\n\t\t\t\t\t<\/div>\n\t\t<\/div>\n\t\t\t\t\t<\/div>\n\t\t<\/section>\n\t\t\t\t<section class=\"elementor-section elementor-top-section elementor-element elementor-element-7d77ffb elementor-section-boxed elementor-section-height-default elementor-section-height-default\" data-id=\"7d77ffb\" data-element_type=\"section\" data-e-type=\"section\">\n\t\t\t\t\t\t<div class=\"elementor-container elementor-column-gap-default\">\n\t\t\t\t\t<div class=\"elementor-column elementor-col-100 elementor-top-column elementor-element elementor-element-d2d0ee7\" data-id=\"d2d0ee7\" data-element_type=\"column\" data-e-type=\"column\">\n\t\t\t<div class=\"elementor-widget-wrap elementor-element-populated\">\n\t\t\t\t\t\t<div class=\"elementor-element elementor-element-44f59dd elementor-widget elementor-widget-text-editor\" data-id=\"44f59dd\" data-element_type=\"widget\" data-e-type=\"widget\" data-widget_type=\"text-editor.default\">\n\t\t\t\t<div class=\"elementor-widget-container\">\n\t\t\t\t\t\t\t\t\t<p>Aufgrund unserer Erfahrung mit der Planung und Umsetzung beim Aufbau und Betreiben von Rechenzentren haben Sie die M\u00f6glichkeit auf unsere Rescourcen zur\u00fcck zu greifen. Mit unseren Partnerschaften mit den f\u00fchrenden Herstellern bieten wir ihnen die leistungsf\u00e4higsten Komponennte f\u00fcr das Betreiben ihres Rechenzentrums an. Wir unterst\u00fctzen Sie mit unseren Technikern sowohl beim Betreiben als auch beim Warten ihrer Systeme.<\/p><p>You are welcome to contact us for an initial discussion using our contact form.<\/p>\t\t\t\t\t\t\t\t<\/div>\n\t\t\t\t<\/div>\n\t\t\t\t\t<\/div>\n\t\t<\/div>\n\t\t\t\t\t<\/div>\n\t\t<\/section>\n\t\t\t\t<section class=\"elementor-section elementor-top-section elementor-element elementor-element-6e92199 elementor-section-boxed elementor-section-height-default elementor-section-height-default\" data-id=\"6e92199\" data-element_type=\"section\" data-e-type=\"section\">\n\t\t\t\t\t\t<div class=\"elementor-container elementor-column-gap-default\">\n\t\t\t\t\t<div class=\"elementor-column elementor-col-100 elementor-top-column elementor-element elementor-element-56443bb\" data-id=\"56443bb\" data-element_type=\"column\" data-e-type=\"column\">\n\t\t\t<div class=\"elementor-widget-wrap elementor-element-populated\">\n\t\t\t\t\t\t<div class=\"elementor-element elementor-element-1d8f633 elementor-button-info elementor-align-left elementor-widget elementor-widget-button\" data-id=\"1d8f633\" data-element_type=\"widget\" data-e-type=\"widget\" data-widget_type=\"button.default\">\n\t\t\t\t<div class=\"elementor-widget-container\">\n\t\t\t\t\t\t\t\t\t<div class=\"elementor-button-wrapper\">\n\t\t\t\t\t<a class=\"elementor-button elementor-button-link elementor-size-md\" href=\"http:\/\/it.itdservice.de\/en\/kontakt\/\">\n\t\t\t\t\t\t<span class=\"elementor-button-content-wrapper\">\n\t\t\t\t\t\t\t\t\t<span class=\"elementor-button-text\">Contact Page<\/span>\n\t\t\t\t\t<\/span>\n\t\t\t\t\t<\/a>\n\t\t\t\t<\/div>\n\t\t\t\t\t\t\t\t<\/div>\n\t\t\t\t<\/div>\n\t\t\t\t\t<\/div>\n\t\t<\/div>\n\t\t\t\t\t<\/div>\n\t\t<\/section>\n\t\t\t\t<section class=\"elementor-section elementor-top-section elementor-element elementor-element-cd0656f elementor-section-boxed elementor-section-height-default elementor-section-height-default\" data-id=\"cd0656f\" data-element_type=\"section\" data-e-type=\"section\">\n\t\t\t\t\t\t<div class=\"elementor-container elementor-column-gap-default\">\n\t\t\t\t\t<div class=\"elementor-column elementor-col-100 elementor-top-column elementor-element elementor-element-761d8eb\" data-id=\"761d8eb\" data-element_type=\"column\" data-e-type=\"column\">\n\t\t\t<div class=\"elementor-widget-wrap elementor-element-populated\">\n\t\t\t\t\t\t<div class=\"elementor-element elementor-element-ff708a8 elementor-widget elementor-widget-spacer\" data-id=\"ff708a8\" data-element_type=\"widget\" data-e-type=\"widget\" data-widget_type=\"spacer.default\">\n\t\t\t\t<div class=\"elementor-widget-container\">\n\t\t\t\t\t\t\t<div class=\"elementor-spacer\">\n\t\t\t<div class=\"elementor-spacer-inner\"><\/div>\n\t\t<\/div>\n\t\t\t\t\t\t<\/div>\n\t\t\t\t<\/div>\n\t\t\t\t\t<\/div>\n\t\t<\/div>\n\t\t\t\t\t<\/div>\n\t\t<\/section>\n\t\t\t\t<section class=\"elementor-section elementor-top-section elementor-element elementor-element-18ceba7 elementor-section-boxed elementor-section-height-default elementor-section-height-default\" data-id=\"18ceba7\" data-element_type=\"section\" data-e-type=\"section\">\n\t\t\t\t\t\t<div class=\"elementor-container elementor-column-gap-default\">\n\t\t\t\t\t<div class=\"elementor-column elementor-col-100 elementor-top-column elementor-element elementor-element-c7bcfdb\" data-id=\"c7bcfdb\" data-element_type=\"column\" data-e-type=\"column\">\n\t\t\t<div class=\"elementor-widget-wrap elementor-element-populated\">\n\t\t\t\t\t\t<div class=\"elementor-element elementor-element-cdb87c2 elementor-widget elementor-widget-spacer\" data-id=\"cdb87c2\" data-element_type=\"widget\" data-e-type=\"widget\" data-widget_type=\"spacer.default\">\n\t\t\t\t<div class=\"elementor-widget-container\">\n\t\t\t\t\t\t\t<div class=\"elementor-spacer\">\n\t\t\t<div class=\"elementor-spacer-inner\"><\/div>\n\t\t<\/div>\n\t\t\t\t\t\t<\/div>\n\t\t\t\t<\/div>\n\t\t\t\t\t<\/div>\n\t\t<\/div>\n\t\t\t\t\t<\/div>\n\t\t<\/section>\n\t\t\t\t<\/div>","protected":false},"excerpt":{"rendered":"<p>Planung Aufgrund unserer Erfahrung mit der Planung und Umsetzung beim Aufbau und Betreiben von Rechenzentren haben Sie die M\u00f6glichkeit auf unsere Rescourcen zur\u00fcck zu greifen. Mit unseren Partnerschaften mit den f\u00fchrenden Herstellern bieten wir ihnen die leistungsf\u00e4higsten Komponennte f\u00fcr das Betreiben ihres Rechenzentrums an. Wir unterst\u00fctzen Sie mit unseren Technikern sowohl beim Betreiben als auch [&hellip;]<\/p>\n","protected":false},"author":1,"featured_media":0,"parent":0,"menu_order":0,"comment_status":"closed","ping_status":"closed","template":"","meta":{"footnotes":""},"class_list":["post-292","page","type-page","status-publish","hentry"],"yoast_head":"<!-- This site is optimized with the Yoast SEO plugin v27.6 - https:\/\/yoast.com\/product\/yoast-seo-wordpress\/ -->\n<title>Planung - IT-Solutions<\/title>\n<meta name=\"robots\" content=\"index, follow, max-snippet:-1, max-image-preview:large, max-video-preview:-1\" \/>\n<link rel=\"canonical\" href=\"http:\/\/it.itdservice.de\/en\/planung\/\" \/>\n<meta property=\"og:locale\" content=\"en_GB\" \/>\n<meta property=\"og:type\" content=\"article\" \/>\n<meta property=\"og:title\" content=\"Planung - IT-Solutions\" \/>\n<meta property=\"og:description\" content=\"Planung Aufgrund unserer Erfahrung mit der Planung und Umsetzung beim Aufbau und Betreiben von Rechenzentren haben Sie die M\u00f6glichkeit auf unsere Rescourcen zur\u00fcck zu greifen. Mit unseren Partnerschaften mit den f\u00fchrenden Herstellern bieten wir ihnen die leistungsf\u00e4higsten Komponennte f\u00fcr das Betreiben ihres Rechenzentrums an. Wir unterst\u00fctzen Sie mit unseren Technikern sowohl beim Betreiben als auch [&hellip;]\" \/>\n<meta property=\"og:url\" content=\"http:\/\/it.itdservice.de\/en\/planung\/\" \/>\n<meta property=\"og:site_name\" content=\"IT-Solutions\" \/>\n<meta property=\"article:modified_time\" content=\"2021-07-01T16:12:38+00:00\" \/>\n<meta name=\"twitter:card\" content=\"summary_large_image\" \/>\n<script type=\"application\/ld+json\" class=\"yoast-schema-graph\">{\"@context\":\"https:\\\/\\\/schema.org\",\"@graph\":[{\"@type\":\"WebPage\",\"@id\":\"http:\\\/\\\/it.itdservice.de\\\/planung\",\"url\":\"http:\\\/\\\/it.itdservice.de\\\/planung\",\"name\":\"Planung - IT-Solutions\",\"isPartOf\":{\"@id\":\"http:\\\/\\\/it.itdservice.de\\\/#website\"},\"datePublished\":\"2021-06-02T20:36:29+00:00\",\"dateModified\":\"2021-07-01T16:12:38+00:00\",\"breadcrumb\":{\"@id\":\"http:\\\/\\\/it.itdservice.de\\\/planung#breadcrumb\"},\"inLanguage\":\"en-GB\",\"potentialAction\":[{\"@type\":\"ReadAction\",\"target\":[\"http:\\\/\\\/it.itdservice.de\\\/planung\"]}]},{\"@type\":\"BreadcrumbList\",\"@id\":\"http:\\\/\\\/it.itdservice.de\\\/planung#breadcrumb\",\"itemListElement\":[{\"@type\":\"ListItem\",\"position\":1,\"name\":\"Startseite\",\"item\":\"http:\\\/\\\/it.itdservice.de\\\/\"},{\"@type\":\"ListItem\",\"position\":2,\"name\":\"Planung\"}]},{\"@type\":\"WebSite\",\"@id\":\"http:\\\/\\\/it.itdservice.de\\\/#website\",\"url\":\"http:\\\/\\\/it.itdservice.de\\\/\",\"name\":\"IT-Solutions\",\"description\":\"Just another WordPress site\",\"potentialAction\":[{\"@type\":\"SearchAction\",\"target\":{\"@type\":\"EntryPoint\",\"urlTemplate\":\"http:\\\/\\\/it.itdservice.de\\\/?s={search_term_string}\"},\"query-input\":{\"@type\":\"PropertyValueSpecification\",\"valueRequired\":true,\"valueName\":\"search_term_string\"}}],\"inLanguage\":\"en-GB\"}]}<\/script>\n<!-- \/ Yoast SEO plugin. -->","yoast_head_json":{"title":"Planung - IT-Solutions","robots":{"index":"index","follow":"follow","max-snippet":"max-snippet:-1","max-image-preview":"max-image-preview:large","max-video-preview":"max-video-preview:-1"},"canonical":"http:\/\/it.itdservice.de\/en\/planung\/","og_locale":"en_GB","og_type":"article","og_title":"Planung - IT-Solutions","og_description":"Planung Aufgrund unserer Erfahrung mit der Planung und Umsetzung beim Aufbau und Betreiben von Rechenzentren haben Sie die M\u00f6glichkeit auf unsere Rescourcen zur\u00fcck zu greifen. Mit unseren Partnerschaften mit den f\u00fchrenden Herstellern bieten wir ihnen die leistungsf\u00e4higsten Komponennte f\u00fcr das Betreiben ihres Rechenzentrums an. Wir unterst\u00fctzen Sie mit unseren Technikern sowohl beim Betreiben als auch [&hellip;]","og_url":"http:\/\/it.itdservice.de\/en\/planung\/","og_site_name":"IT-Solutions","article_modified_time":"2021-07-01T16:12:38+00:00","twitter_card":"summary_large_image","schema":{"@context":"https:\/\/schema.org","@graph":[{"@type":"WebPage","@id":"http:\/\/it.itdservice.de\/planung","url":"http:\/\/it.itdservice.de\/planung","name":"Planung - IT-Solutions","isPartOf":{"@id":"http:\/\/it.itdservice.de\/#website"},"datePublished":"2021-06-02T20:36:29+00:00","dateModified":"2021-07-01T16:12:38+00:00","breadcrumb":{"@id":"http:\/\/it.itdservice.de\/planung#breadcrumb"},"inLanguage":"en-GB","potentialAction":[{"@type":"ReadAction","target":["http:\/\/it.itdservice.de\/planung"]}]},{"@type":"BreadcrumbList","@id":"http:\/\/it.itdservice.de\/planung#breadcrumb","itemListElement":[{"@type":"ListItem","position":1,"name":"Startseite","item":"http:\/\/it.itdservice.de\/"},{"@type":"ListItem","position":2,"name":"Planung"}]},{"@type":"WebSite","@id":"http:\/\/it.itdservice.de\/#website","url":"http:\/\/it.itdservice.de\/","name":"IT-Solutions","description":"Just another WordPress site","potentialAction":[{"@type":"SearchAction","target":{"@type":"EntryPoint","urlTemplate":"http:\/\/it.itdservice.de\/?s={search_term_string}"},"query-input":{"@type":"PropertyValueSpecification","valueRequired":true,"valueName":"search_term_string"}}],"inLanguage":"en-GB"}]}},"_links":{"self":[{"href":"http:\/\/it.itdservice.de\/en\/wp-json\/wp\/v2\/pages\/292","targetHints":{"allow":["GET"]}}],"collection":[{"href":"http:\/\/it.itdservice.de\/en\/wp-json\/wp\/v2\/pages"}],"about":[{"href":"http:\/\/it.itdservice.de\/en\/wp-json\/wp\/v2\/types\/page"}],"author":[{"embeddable":true,"href":"http:\/\/it.itdservice.de\/en\/wp-json\/wp\/v2\/users\/1"}],"replies":[{"embeddable":true,"href":"http:\/\/it.itdservice.de\/en\/wp-json\/wp\/v2\/comments?post=292"}],"version-history":[{"count":46,"href":"http:\/\/it.itdservice.de\/en\/wp-json\/wp\/v2\/pages\/292\/revisions"}],"predecessor-version":[{"id":568,"href":"http:\/\/it.itdservice.de\/en\/wp-json\/wp\/v2\/pages\/292\/revisions\/568"}],"wp:attachment":[{"href":"http:\/\/it.itdservice.de\/en\/wp-json\/wp\/v2\/media?parent=292"}],"curies":[{"name":"wp","href":"https:\/\/api.w.org\/{rel}","templated":true}]}}